{"id":943,"date":"2022-06-23T09:43:17","date_gmt":"2022-06-23T08:43:17","guid":{"rendered":"http:\/\/renner-hinteregger.at\/?page_id=943"},"modified":"2024-07-26T12:14:45","modified_gmt":"2024-07-26T11:14:45","slug":"massage-2","status":"publish","type":"page","link":"http:\/\/renner-hinteregger.at\/?page_id=943","title":{"rendered":"Massageangebot"},"content":{"rendered":"\n<h2 class=\"has-luminous-vivid-orange-color has-text-color wp-block-heading\"><strong>Mobile Massage<\/strong><\/h2>\n\n\n\n<p class=\"has-text-color has-medium-font-size has-luminous-vivid-orange-color\">Genie\u00dfe Entspannung in deinen eigenen vier W\u00e4nden.  <\/p>\n\n\n\n<p>Ich komme zu dir nach Hause oder ins B\u00fcro. Mit meiner mobilen Massageliege und Massage\u00f6len bringe ich Entspannung in deine vier W\u00e4nde. Du brauchst lediglich ein Leintuch (oder \u00e4hnliches) und ein Handtuch bereit legen.<\/p>\n\n\n\n<p><\/p>\n\n\n\n<h2 class=\"has-luminous-vivid-orange-color has-text-color wp-block-heading\"><strong>Massage im TRIKALA<\/strong><\/h2>\n\n\n\n<p>Wenn du einmal Auszeit vom Alltag genie\u00dfen m\u00f6chtest bin ich immer <strong>montags<\/strong> f\u00fcr dich in einem wundersch\u00f6nen, entspannenden, ruhigen Raum im Yogastudio Trik\u0101la da. <\/p>\n\n\n\n<hr class=\"wp-block-separator is-style-default\"\/>\n\n\n\n<div class=\"wp-block-media-text alignwide has-media-on-the-right is-stacked-on-mobile is-vertically-aligned-center\" style=\"grid-template-columns:auto 39%\"><figure class=\"wp-block-media-text__media\"><img loading=\"lazy\" decoding=\"async\" width=\"196\" height=\"242\" src=\"http:\/\/renner-hinteregger.at\/wp-content\/uploads\/2020\/01\/MassageHaende-e1646229375217.jpg\" alt=\"\" class=\"wp-image-56\"\/><\/figure><div class=\"wp-block-media-text__content\">\n<p><strong><span class=\"has-inline-color has-luminous-vivid-orange-color\">Mein Angebot f\u00fcr dich<\/span><\/strong><\/p>\n\n\n\n<p>Klassische Massage<\/p>\n\n\n\n<p>Craniosacrale K\u00f6rperarbeit (SaCranio\u00ae)<\/p>\n\n\n\n<p>Lymphdrainage nach Dr. Vodder<\/p>\n\n\n\n<p>Fu\u00dfreflexzonenmassage<\/p>\n\n\n\n<p>Babymassage<\/p>\n<\/div><\/div>\n\n\n\n<p><strong>Nach einem eingehendem Erstgespr\u00e4ch finden wir die optimale Massagetechnik f\u00fcr dein Wohlbefinden. <\/strong><\/p>\n\n\n\n<p>F\u00fcr einen Termin oder weitere Informationen kontaktiere mich gerne telefonisch (wenn du mich nicht erreichst, rufe ich dich bei Hinterlassen einer Nachricht selbstverst\u00e4ndlich zur\u00fcck), per\u00a0E-Mail oder \u00fcber WhatsApp, Telegram oder Viber. Auch \u00fcber die sozialen Netzwerke wie Facebook (Susanne Renner-Hinteregger) oder Instagram (mind_fit_susi) kannst du mich erreichen.<\/p>\n\n\n\n<p><\/p>\n\n\n\n<ul class=\"wp-block-list\"><li>Email: <a href=\"mailto:office@renner-hinteregger.at\">office@renner-hinteregger.at<\/a><\/li><li>Telefon: 0676\/6145616<\/li><li>Instagram: mind_fit_susi<\/li><li>Facebook: Susanne Renner-Hinteregger<\/li><\/ul>\n","protected":false},"excerpt":{"rendered":"<p>Mobile Massage Genie\u00dfe Entspannung in deinen eigenen vier W\u00e4nden. Ich komme zu dir nach Hause oder ins B\u00fcro. Mit meiner mobilen Massageliege und Massage\u00f6len bringe ich Entspannung in deine vier W\u00e4nde. Du brauchst lediglich ein Leintuch (oder \u00e4hnliches) und ein Handtuch bereit legen. Massage im TRIKALA Wenn du einmal Auszeit vom Alltag genie\u00dfen m\u00f6chtest bin &hellip; <\/p>\n<p class=\"link-more\"><a href=\"http:\/\/renner-hinteregger.at\/?page_id=943\" class=\"more-link\"><span class=\"screen-reader-text\">\u201eMassageangebot\u201c<\/span> weiterlesen<\/a><\/p>\n","protected":false},"author":1,"featured_media":899,"parent":0,"menu_order":0,"comment_status":"closed","ping_status":"closed","template":"","meta":{"footnotes":""},"class_list":["post-943","page","type-page","status-publish","has-post-thumbnail","hentry"],"_links":{"self":[{"href":"http:\/\/renner-hinteregger.at\/index.php?rest_route=\/wp\/v2\/pages\/943","targetHints":{"allow":["GET"]}}],"collection":[{"href":"http:\/\/renner-hinteregger.at\/index.php?rest_route=\/wp\/v2\/pages"}],"about":[{"href":"http:\/\/renner-hinteregger.at\/index.php?rest_route=\/wp\/v2\/types\/page"}],"author":[{"embeddable":true,"href":"http:\/\/renner-hinteregger.at\/index.php?rest_route=\/wp\/v2\/users\/1"}],"replies":[{"embeddable":true,"href":"http:\/\/renner-hinteregger.at\/index.php?rest_route=%2Fwp%2Fv2%2Fcomments&post=943"}],"version-history":[{"count":14,"href":"http:\/\/renner-hinteregger.at\/index.php?rest_route=\/wp\/v2\/pages\/943\/revisions"}],"predecessor-version":[{"id":1028,"href":"http:\/\/renner-hinteregger.at\/index.php?rest_route=\/wp\/v2\/pages\/943\/revisions\/1028"}],"wp:featuredmedia":[{"embeddable":true,"href":"http:\/\/renner-hinteregger.at\/index.php?rest_route=\/wp\/v2\/media\/899"}],"wp:attachment":[{"href":"http:\/\/renner-hinteregger.at\/index.php?rest_route=%2Fwp%2Fv2%2Fmedia&parent=943"}],"curies":[{"name":"wp","href":"https:\/\/api.w.org\/{rel}","templated":true}]}}