{"id":909,"date":"2022-03-02T17:21:00","date_gmt":"2022-03-02T16:21:00","guid":{"rendered":"http:\/\/renner-hinteregger.at\/?page_id=909"},"modified":"2022-03-02T17:21:00","modified_gmt":"2022-03-02T16:21:00","slug":"datenschutz","status":"publish","type":"page","link":"http:\/\/renner-hinteregger.at\/?page_id=909","title":{"rendered":"Datenschutz"},"content":{"rendered":"\n<p><\/p>\n\n\n\n<p>Der Schutz Ihrer pers\u00f6nlichen Daten ist mir ein besonderes Anliegen. Ich verarbeite Ihre Daten daher ausschlie\u00dflich auf Grundlage der gesetzlichen Bestimmungen (DSGVO, TKG 2003). In diesen Datenschutzinformationen informiere ich Sie \u00fcber die wichtigsten Aspekte der Datenverarbeitung im Rahmen meiner Website.&nbsp;<\/p>\n\n\n\n<p>\u200b<strong>Kontakt mit mir<\/strong><\/p>\n\n\n\n<p><strong>\u200b<\/strong>Wenn Sie per E-Mail Kontakt mit mir aufnehmen, werden Ihre angegebenen Daten zwecks Bearbeitung der Anfrage und f\u00fcr den Fall von Anschlu\u00dffragen sechs Monate bei mir gespeichert.<\/p>\n\n\n\n<p>Ich nutze Ihre pers\u00f6nlichen Daten somit nur f\u00fcr die Kommunikation und mit jenen Besuchern, die Kontakt ausdr\u00fccklich w\u00fcnschen und f\u00fcr die Abwicklung der auf dieser Webseite angebotenen Dienstleistungen.<\/p>\n\n\n\n<p>Diese Daten gebe ich nicht ohne Ihre Einwilligung weiter.&nbsp;<\/p>\n\n\n\n<p>Die Rechtsgrundlage besteht nach&nbsp;<a rel=\"noreferrer noopener\" href=\"https:\/\/eur-lex.europa.eu\/legal-content\/DE\/TXT\/HTML\/?uri=CELEX:32016R0679&amp;from=DE&amp;tid=221063918\" target=\"_blank\">Artikel 6&nbsp; Absatz 1 a DSGVO<\/a>&nbsp;(Rechtm\u00e4\u00dfigkeit der Verarbeitung) darin, dass Sie mir die Einwilligung zur Verarbeitung der von Ihnen eingegebenen Daten geben. Sie k\u00f6nnen diese Einwilligung jederzeit widerrufen \u2013 eine formlose E-Mail reicht aus, Sie finden meine Kontaktdaten im Impressum bzw. am Ende dieser Erkl\u00e4rung.<\/p>\n\n\n\n<p>\u200b<strong>Ihre Rechte\u200b<\/strong><\/p>\n\n\n\n<p>Ihnen stehen bez\u00fcglich Ihrer bei mir gespeicherten Daten grunds\u00e4tzlich die Rechte auf Auskunft, Berichtigung, L\u00f6schung, Einschr\u00e4nkung, Daten\u00fcbertragbarkeit, Widerruf und Widerspruch zu. Wenn Sie glauben, dass die Verarbeitung Ihrer Daten gegen das Datenschutzrecht verst\u00f6\u00dft oder Ihre datenschutzrechtlichen Anspr\u00fcche sonst in einer Weise verletzt worden sind, k\u00f6nnen Sie sich bei mir jederzeit \u00fcber meine Emailadresse&nbsp;oder der Datenschutzbeh\u00f6rde melden.<\/p>\n\n\n\n<p>Sie erreichen mich unter folgenden Kontaktdaten:<\/p>\n\n\n\n<ul class=\"wp-block-list\"><li>Telefon: +43 676 6145616<\/li><li>E-Mail: office@renner-hinteregger.at<\/li><\/ul>\n","protected":false},"excerpt":{"rendered":"<p>Der Schutz Ihrer pers\u00f6nlichen Daten ist mir ein besonderes Anliegen. Ich verarbeite Ihre Daten daher ausschlie\u00dflich auf Grundlage der gesetzlichen Bestimmungen (DSGVO, TKG 2003). In diesen Datenschutzinformationen informiere ich Sie \u00fcber die wichtigsten Aspekte der Datenverarbeitung im Rahmen meiner Website.&nbsp; \u200bKontakt mit mir \u200bWenn Sie per E-Mail Kontakt mit mir aufnehmen, werden Ihre angegebenen Daten &hellip; <\/p>\n<p class=\"link-more\"><a href=\"http:\/\/renner-hinteregger.at\/?page_id=909\" class=\"more-link\"><span class=\"screen-reader-text\">\u201eDatenschutz\u201c<\/span> weiterlesen<\/a><\/p>\n","protected":false},"author":1,"featured_media":0,"parent":0,"menu_order":0,"comment_status":"closed","ping_status":"closed","template":"","meta":{"footnotes":""},"class_list":["post-909","page","type-page","status-publish","hentry"],"_links":{"self":[{"href":"http:\/\/renner-hinteregger.at\/index.php?rest_route=\/wp\/v2\/pages\/909","targetHints":{"allow":["GET"]}}],"collection":[{"href":"http:\/\/renner-hinteregger.at\/index.php?rest_route=\/wp\/v2\/pages"}],"about":[{"href":"http:\/\/renner-hinteregger.at\/index.php?rest_route=\/wp\/v2\/types\/page"}],"author":[{"embeddable":true,"href":"http:\/\/renner-hinteregger.at\/index.php?rest_route=\/wp\/v2\/users\/1"}],"replies":[{"embeddable":true,"href":"http:\/\/renner-hinteregger.at\/index.php?rest_route=%2Fwp%2Fv2%2Fcomments&post=909"}],"version-history":[{"count":1,"href":"http:\/\/renner-hinteregger.at\/index.php?rest_route=\/wp\/v2\/pages\/909\/revisions"}],"predecessor-version":[{"id":910,"href":"http:\/\/renner-hinteregger.at\/index.php?rest_route=\/wp\/v2\/pages\/909\/revisions\/910"}],"wp:attachment":[{"href":"http:\/\/renner-hinteregger.at\/index.php?rest_route=%2Fwp%2Fv2%2Fmedia&parent=909"}],"curies":[{"name":"wp","href":"https:\/\/api.w.org\/{rel}","templated":true}]}}