{"id":826,"date":"2022-03-02T11:36:16","date_gmt":"2022-03-02T10:36:16","guid":{"rendered":"http:\/\/renner-hinteregger.at\/?page_id=826"},"modified":"2022-03-02T14:20:48","modified_gmt":"2022-03-02T13:20:48","slug":"mentaltraining-bei-pruefungsangst","status":"publish","type":"page","link":"http:\/\/renner-hinteregger.at\/?page_id=826","title":{"rendered":"Mentaltraining bei Pr\u00fcfungsangst"},"content":{"rendered":"\n<figure class=\"wp-block-image size-large is-resized\"><img loading=\"lazy\" decoding=\"async\" src=\"http:\/\/renner-hinteregger.at\/wp-content\/uploads\/2022\/03\/pr\u00fcfungsangst-e1646225901676.jpg\" alt=\"\" class=\"wp-image-851\" width=\"564\" height=\"390\"\/><\/figure>\n\n\n\n<p class=\"has-text-color has-medium-font-size has-luminous-vivid-orange-color\">Du m\u00f6chtest deine vorhandene Pr\u00fcfungsangst abbauen und wieder Freude und Erfolg erleben?<\/p>\n\n\n\n<p>Als diplomierte Mentaltrainerin f\u00fcr Erwachsene, Kinder &amp; Jugendliche unterst\u00fctze ich dich bei der \u00dcberwindung deiner Pr\u00fcfungsangst. Mit Hilfe altersad\u00e4quater Techniken und \u00dcbungen erlangst du Selbstsicherheit, Gelassenheit und eine positive Einstellung.<\/p>\n\n\n\n<p>Bei Interesse erreichst du mich per:<\/p>\n\n\n\n<ul class=\"wp-block-list\"><li>Email:           <a href=\"mailto:office@renner-hinteregger.at\">office@renner-hinteregger.at<\/a><\/li><li>Telefon:       0676\/6145616<\/li><li>Instagram:  mind_fit_susi<\/li><li>Facebook:   Susanne Renner-Hinteregger<\/li><\/ul>\n\n\n\n<p><\/p>\n","protected":false},"excerpt":{"rendered":"<p>Du m\u00f6chtest deine vorhandene Pr\u00fcfungsangst abbauen und wieder Freude und Erfolg erleben? Als diplomierte Mentaltrainerin f\u00fcr Erwachsene, Kinder &amp; Jugendliche unterst\u00fctze ich dich bei der \u00dcberwindung deiner Pr\u00fcfungsangst. Mit Hilfe altersad\u00e4quater Techniken und \u00dcbungen erlangst du Selbstsicherheit, Gelassenheit und eine positive Einstellung. Bei Interesse erreichst du mich per: Email: office@renner-hinteregger.at Telefon: 0676\/6145616 Instagram: mind_fit_susi Facebook: &hellip; <\/p>\n<p class=\"link-more\"><a href=\"http:\/\/renner-hinteregger.at\/?page_id=826\" class=\"more-link\"><span class=\"screen-reader-text\">\u201eMentaltraining bei Pr\u00fcfungsangst\u201c<\/span> weiterlesen<\/a><\/p>\n","protected":false},"author":1,"featured_media":0,"parent":0,"menu_order":0,"comment_status":"closed","ping_status":"closed","template":"","meta":{"footnotes":""},"class_list":["post-826","page","type-page","status-publish","hentry"],"_links":{"self":[{"href":"http:\/\/renner-hinteregger.at\/index.php?rest_route=\/wp\/v2\/pages\/826","targetHints":{"allow":["GET"]}}],"collection":[{"href":"http:\/\/renner-hinteregger.at\/index.php?rest_route=\/wp\/v2\/pages"}],"about":[{"href":"http:\/\/renner-hinteregger.at\/index.php?rest_route=\/wp\/v2\/types\/page"}],"author":[{"embeddable":true,"href":"http:\/\/renner-hinteregger.at\/index.php?rest_route=\/wp\/v2\/users\/1"}],"replies":[{"embeddable":true,"href":"http:\/\/renner-hinteregger.at\/index.php?rest_route=%2Fwp%2Fv2%2Fcomments&post=826"}],"version-history":[{"count":10,"href":"http:\/\/renner-hinteregger.at\/index.php?rest_route=\/wp\/v2\/pages\/826\/revisions"}],"predecessor-version":[{"id":870,"href":"http:\/\/renner-hinteregger.at\/index.php?rest_route=\/wp\/v2\/pages\/826\/revisions\/870"}],"wp:attachment":[{"href":"http:\/\/renner-hinteregger.at\/index.php?rest_route=%2Fwp%2Fv2%2Fmedia&parent=826"}],"curies":[{"name":"wp","href":"https:\/\/api.w.org\/{rel}","templated":true}]}}