{"id":126,"date":"2020-01-12T17:04:02","date_gmt":"2020-01-12T16:04:02","guid":{"rendered":"http:\/\/renner-hinteregger.at\/?page_id=126"},"modified":"2024-07-26T11:22:40","modified_gmt":"2024-07-26T10:22:40","slug":"ueber-mich","status":"publish","type":"page","link":"http:\/\/renner-hinteregger.at\/?page_id=126","title":{"rendered":"\u00dcber mich"},"content":{"rendered":"\n<p>Mein Name ist <strong>Susanne Renner-Hinteregger<\/strong>, ich bin verheiratet, Mutter zweier fabelhafter S\u00f6hne und lebe in der Gemeinde Weinitzen nahe bei Graz.  <\/p>\n\n\n\n<p>Beruflich bin ich seit \u00fcber 20 Jahren selbstst\u00e4ndige <strong>gewerbliche Masseurin<\/strong> und biete meinen Kunden ein vielf\u00e4ltiges Behandlungsangebot, mobil und montags in einer kleinen Praxis im Yogastudio Trikala in der Morellenfeldgasse. Ich war 10 Jahre lang Lehrbeauftragte im Bereich der Massageausbildung am WIFI Graz. <\/p>\n\n\n\n<p>Als  <strong>Diplomierte Fitnesstrainerin<\/strong>, habe ich 2013 einen Kindersportverein in meiner Heimatgemeinde gegr\u00fcndet und teile meine Leidenschaft f\u00fcr Indian Balance in verschiedenen Kursen mit bewegungsfreudigen Erwachsenen jeden Alters.<\/p>\n\n\n\n<p>Seit Juni 2019 habe ich mein Bet\u00e4tigungsfeld erweitert und arbeite als <strong>Diplomierte Mentaltrainerin. <\/strong><\/p>\n\n\n\n<p>Meine Kunden sind vor allem junge Sportler, denen ich helfe ihre mentale St\u00e4rke zu finden, ihre mentale Widerstandskraft zu verst\u00e4rken und ihre Ziele zu definieren. <\/p>\n\n\n\n<p>Weiters begleite ich  Menschen mental im immer anspruchsvoller werdenden Alltag, und bringe sie mit mentalen und \/ oder k\u00f6rperlichen \u00dcbungen in Verbindung mit Gespr\u00e4chen in ihre Mitte.<\/p>\n\n\n\n<p>Sch\u00fclern und Studenten helfe ich mit mentalen Techniken und \u00dcbungen bei der Bew\u00e4ltigung ihrer Pr\u00fcfungs\u00e4ngste.<\/p>\n\n\n\n<p><\/p>\n","protected":false},"excerpt":{"rendered":"<p>Mein Name ist Susanne Renner-Hinteregger, ich bin verheiratet, Mutter zweier fabelhafter S\u00f6hne und lebe in der Gemeinde Weinitzen nahe bei Graz. Beruflich bin ich seit \u00fcber 20 Jahren selbstst\u00e4ndige gewerbliche Masseurin und biete meinen Kunden ein vielf\u00e4ltiges Behandlungsangebot, mobil und montags in einer kleinen Praxis im Yogastudio Trikala in der Morellenfeldgasse. Ich war 10 Jahre &hellip; <\/p>\n<p class=\"link-more\"><a href=\"http:\/\/renner-hinteregger.at\/?page_id=126\" class=\"more-link\"><span class=\"screen-reader-text\">\u201e\u00dcber mich\u201c<\/span> weiterlesen<\/a><\/p>\n","protected":false},"author":1,"featured_media":722,"parent":0,"menu_order":0,"comment_status":"closed","ping_status":"closed","template":"","meta":{"footnotes":""},"class_list":["post-126","page","type-page","status-publish","has-post-thumbnail","hentry"],"_links":{"self":[{"href":"http:\/\/renner-hinteregger.at\/index.php?rest_route=\/wp\/v2\/pages\/126","targetHints":{"allow":["GET"]}}],"collection":[{"href":"http:\/\/renner-hinteregger.at\/index.php?rest_route=\/wp\/v2\/pages"}],"about":[{"href":"http:\/\/renner-hinteregger.at\/index.php?rest_route=\/wp\/v2\/types\/page"}],"author":[{"embeddable":true,"href":"http:\/\/renner-hinteregger.at\/index.php?rest_route=\/wp\/v2\/users\/1"}],"replies":[{"embeddable":true,"href":"http:\/\/renner-hinteregger.at\/index.php?rest_route=%2Fwp%2Fv2%2Fcomments&post=126"}],"version-history":[{"count":11,"href":"http:\/\/renner-hinteregger.at\/index.php?rest_route=\/wp\/v2\/pages\/126\/revisions"}],"predecessor-version":[{"id":1003,"href":"http:\/\/renner-hinteregger.at\/index.php?rest_route=\/wp\/v2\/pages\/126\/revisions\/1003"}],"wp:featuredmedia":[{"embeddable":true,"href":"http:\/\/renner-hinteregger.at\/index.php?rest_route=\/wp\/v2\/media\/722"}],"wp:attachment":[{"href":"http:\/\/renner-hinteregger.at\/index.php?rest_route=%2Fwp%2Fv2%2Fmedia&parent=126"}],"curies":[{"name":"wp","href":"https:\/\/api.w.org\/{rel}","templated":true}]}}